{"id":62,"date":"2021-04-12T13:24:54","date_gmt":"2021-04-12T11:24:54","guid":{"rendered":"http:\/\/citoyen-pia.fr\/?page_id=62"},"modified":"2021-04-12T17:52:50","modified_gmt":"2021-04-12T15:52:50","slug":"le-dispositif","status":"publish","type":"page","link":"https:\/\/citoyen-pia.fr\/index.php\/le-dispositif\/","title":{"rendered":"Le dispositif"},"content":{"rendered":"\n<p>L\u2019ambition de J\u00e9r\u00f4me PALMADE &#8211; Maire de Pia et Ludovic BONILLO &#8211; Adjoint \u00e0 la s\u00e9curit\u00e9 est d\u2019accroi\u0302tre la se\u0301curite\u0301, mais aussi permettre aux gens d\u2019un me\u0302me quartier d&rsquo;\u00e9changer. La municipalit\u00e9 a cr\u00e9\u00e9 un syst\u00e8me de vigilance qui associe le dispositif de \u00ab participation citoyenne \u00bb (convention sign\u00e9e avec Monsieur le maire, la gendarmerie et la pr\u00e9fecture) associe\u0301 a\u0300 celui des \u00ab voisins attentifs &amp; solidaires \u00bb (dispositif cr\u00e9\u00e9 et g\u00e9r\u00e9 par la mairie).<\/p>\n\n\n\n<p><br>Ces deux dispositifs constituent une action de proximite\u0301, comple\u0301mentaire des missions de la gendarmerie et de la police municipale. Elles reposent sur la solidarite\u0301 de voisinage et sur un partenariat entre les acteurs de la se\u0301curite\u0301 et les habitants. L\u2019objectif est de cre\u0301er a\u0300 l\u2019e\u0301chelle de la ville une chai\u0302ne de vigilance et de pre\u0301venir tout phe\u0301nome\u0300ne de de\u0301linquance. Le citoyen est remis au c\u0153ur du syste\u0300me.<br>La volonte\u0301 de la municipalite\u0301 est de mettre en place un dispositif de pre\u0301vention et se\u0301curite\u0301 participatif pour permettre d\u2019assurer une veille re\u0301gulie\u0300re gra\u0302ce a\u0300 la vigilance de tous.<\/p>\n\n\n\n<p>Le r\u00e9f\u00e8rent de quartier est soumis \u00e0 la charte d\u2019engagement et de moralit\u00e9 de la participation citoyenne.<\/p>\n\n\n\n<p><br>\u2022 Il est \u00e0 l\u2019\u00e9coute des habitants de son quartier<br>\u2022 Il r\u00e9colte les observations et les transmet a la police municipale ou la gendarmerie<br>\u2022 Il diffuse des informations et des conseils aux habitants de son quartier<br>\u2022 Il participe \u00e0 des rencontres avec la Ville et la Police Municipale<br>\u2022 Il sensibilise les habitants.<\/p>\n\n\n\n<p>Ils sont au nombre de 33<\/p>\n\n\n\n<p>LES ACTIONS DANS CE DISPOSITIF<\/p>\n\n\n\n<p>La vigilance va porter sur :<\/p>\n\n\n\n<p><br>ABSENCE DE GRAVIT\u00c9 : <br>Pour tout fait ne n\u00e9cessitant pas l\u2019intervention imm\u00e9diate ou rapide des services de police.<br>adressez un mail \u00e0 votre correspondant en cas de : <\/p>\n\n\n\n<p>\u2022 d\u00e9marchages singuliers<br>\u2022 incivilit\u00e9s<br>\u2022 troubles de voisinage<br>\u2022 ou \u00e9quipement d\u2019\u00e9clairage d\u00e9fectueux<\/p>\n\n\n\n<p><br>R\u00e9flexes : Recueil des infos pouvant \u00eatre utiles<br>\u2022 immatriculation du v\u00e9hicule<br>\u2022 couleur du v\u00e9hicule, son type<br>\u2022 nombre de personne<br>\u2022 \u00e2ge apparent de ceux-ci<br>\u2022 description des v\u00eatements<br>\u2022 description (homme, femme, grand, petit, brun ; roux, lunettes,..)<br>\u2022 adresse des faits et moment des faits<br><br><span style=\"color:#fe1b00\" class=\"has-inline-color\">URGENCE Appeler imm\u00e9diatement le 17 depuis un fixe ou le 112 depuis un mobile<br>en cas de :<\/span><br>\u2022 violence, agression<br>\u2022 vol, cambriolage<br>\u2022 accident de la route avec bless\u00e9<br>\u2022 troubles \u00e0 l\u2019ordre public<br>\u2022 d\u00e9gradations de biens priv\u00e9s ou publics<br>\u2022 tapages importants ou r\u00e9it\u00e9r\u00e9s<br>\u2022 lors d\u2019un appel 17, rester en ligne si les auteurs des faits se d\u00e9placent ; sinon rappeler pour donner un compl\u00e9ment d\u2019information.<br>Dans un deuxi\u00e8me temps, avertir son participant citoyen ou la police municipale.<\/p>\n","protected":false},"excerpt":{"rendered":"<p>L\u2019ambition de J\u00e9r\u00f4me PALMADE &#8211; Maire de Pia et Ludovic BONILLO &#8211; Adjoint \u00e0 la s\u00e9curit\u00e9 est d\u2019accroi\u0302tre la se\u0301curite\u0301, mais aussi permettre aux gens d\u2019un me\u0302me quartier d&rsquo;\u00e9changer. La municipalit\u00e9 a cr\u00e9\u00e9 un syst\u00e8me de vigilance qui associe le dispositif de \u00ab participation citoyenne \u00bb (convention sign\u00e9e avec Monsieur le maire, la gendarmerie et&hellip;&nbsp;<a href=\"https:\/\/citoyen-pia.fr\/index.php\/le-dispositif\/\" class=\"\" rel=\"bookmark\">Lire la suite &raquo;<span class=\"screen-reader-text\">Le dispositif<\/span><\/a><\/p>\n","protected":false},"author":1,"featured_media":0,"parent":0,"menu_order":0,"comment_status":"closed","ping_status":"closed","template":"","meta":{"neve_meta_sidebar":"full-width","neve_meta_container":"","neve_meta_enable_content_width":"on","neve_meta_content_width":100,"neve_meta_title_alignment":"","neve_meta_author_avatar":"","neve_post_elements_order":"","neve_meta_disable_header":"","neve_meta_disable_footer":"","neve_meta_disable_title":"","_ti_tpc_template_sync":false,"_ti_tpc_template_id":""},"_links":{"self":[{"href":"https:\/\/citoyen-pia.fr\/index.php\/wp-json\/wp\/v2\/pages\/62"}],"collection":[{"href":"https:\/\/citoyen-pia.fr\/index.php\/wp-json\/wp\/v2\/pages"}],"about":[{"href":"https:\/\/citoyen-pia.fr\/index.php\/wp-json\/wp\/v2\/types\/page"}],"author":[{"embeddable":true,"href":"https:\/\/citoyen-pia.fr\/index.php\/wp-json\/wp\/v2\/users\/1"}],"replies":[{"embeddable":true,"href":"https:\/\/citoyen-pia.fr\/index.php\/wp-json\/wp\/v2\/comments?post=62"}],"version-history":[{"count":2,"href":"https:\/\/citoyen-pia.fr\/index.php\/wp-json\/wp\/v2\/pages\/62\/revisions"}],"predecessor-version":[{"id":198,"href":"https:\/\/citoyen-pia.fr\/index.php\/wp-json\/wp\/v2\/pages\/62\/revisions\/198"}],"wp:attachment":[{"href":"https:\/\/citoyen-pia.fr\/index.php\/wp-json\/wp\/v2\/media?parent=62"}],"curies":[{"name":"wp","href":"https:\/\/api.w.org\/{rel}","templated":true}]}}