{"id":343,"date":"2021-04-14T12:02:35","date_gmt":"2021-04-14T10:02:35","guid":{"rendered":"https:\/\/citoyen-pia.fr\/?page_id=343"},"modified":"2021-04-14T12:03:52","modified_gmt":"2021-04-14T10:03:52","slug":"vigipirate","status":"publish","type":"page","link":"https:\/\/citoyen-pia.fr\/index.php\/vigipirate\/","title":{"rendered":"VIGIPIRATE"},"content":{"rendered":"\n<p>Relevant du Premier ministre, le plan VIGIPIRATE est un outil central du dispositif fran\u00e7ais de lutte contre le terrorisme. Il associe tous les acteurs nationaux \u2013 l\u2019Etat, les collectivit\u00e9s territoriales, les entreprises et les citoyens \u2013 \u00e0 une d\u00e9marche de vigilance, de pr\u00e9vention et de protection.<\/p>\n\n\n\n<h3 class=\"has-text-align-center\"><strong><span style=\"color:#ff0000\" class=\"has-inline-color\">ACTUELLEMENT L&rsquo;ENSEMBLE DU TERRITOIRE EST PLAC\u00c9 AU NIVEAU<br>URGENCE ATTENTAT<\/span><\/strong><\/h3>\n\n\n\n<h3><strong>LE PLAN VIGIPIRATE POURSUIT DEUX OBJECTIFS<\/strong>&nbsp;:<\/h3>\n\n\n\n<p>&#8211; d\u00e9velopper une culture de la vigilance et de la s\u00e9curit\u00e9 dans l\u2019ensemble de la soci\u00e9t\u00e9, \u00a0afin de pr\u00e9venir ou d\u00e9celer, le plus en amont possible, toute menace d\u2019action terroriste ;<br>&#8211; assurer en permanence une protection adapt\u00e9e des citoyens, du territoire et des int\u00e9r\u00eats de la France contre la menace terroriste.<\/p>\n\n\n\n<h3>LE CITOYEN AU C\u0152UR DU NOUVEAU DISPOSITIF VIGIPIRATE<\/h3>\n\n\n\n<p>Le plan VIGIPIRATE occupe une place particuli\u00e8re au c\u0153ur de l\u2019action men\u00e9e par les pouvoirs publics contre la menace terroriste.<br>Dans sa nouvelle version, il vise \u00e0 mieux informer les citoyens sur le terrorisme, les m\u00e9canismes d\u00e9ploy\u00e9s pour y faire face ainsi que sur les gestes et les comportements qui prot\u00e8gent et qui sauvent.<\/p>\n\n\n\n<p>Il s\u2019agit ainsi d\u2019\u00e9lever la capacit\u00e9 de r\u00e9silience de la soci\u00e9t\u00e9 tout enti\u00e8re. Un document public,\u00a0<em>Faire face ensemble,\u00a0<\/em>a \u00e9t\u00e9 r\u00e9dig\u00e9 \u00e0 cet effet, pour les responsables de sites accueillant du public d\u2019une part, mais aussi pour l\u2019ensemble de la population.<\/p>\n\n\n\n<h2>R\u00e9agir face \u00e0 une attaque terroriste<\/h2>\n\n\n\n<h2> <\/h2>\n\n\n\n<figure class=\"wp-block-video\"><video controls src=\"https:\/\/citoyen-pia.fr\/wp-content\/uploads\/2021\/04\/comment-reagir-en-cas-dattaque-terroriste.mp4\"><\/video><\/figure>\n\n\n\n<h3>Pour aller plus loin, cliquez sur les liens suivant :<\/h3>\n\n\n\n<div class=\"wp-container-1 wp-block-buttons\">\n<div class=\"wp-block-button is-style-primary\"><a class=\"wp-block-button__link has-text-color\" href=\"https:\/\/citoyen-pia.fr\/index.php\/faire-face-ensemble\/\" style=\"color:#ffffff\" target=\"_blank\" rel=\"noreferrer noopener\">Faire face ensemble <\/a><\/div>\n\n\n\n<div class=\"wp-block-button is-style-secondary\"><a class=\"wp-block-button__link has-nv-site-bg-color has-text-color has-background\" href=\"https:\/\/citoyen-pia.fr\/index.php\/signaler-une-situation-suspecte\/\" style=\"background-color:#a30003\" target=\"_blank\" rel=\"noreferrer noopener\">Signaler une situation suspecte<\/a><\/div>\n\n\n\n<div class=\"wp-block-button is-style-secondary\"><a class=\"wp-block-button__link\" href=\"https:\/\/citoyen-pia.fr\/index.php\/prevention-des-cas-de-radicalisation-djihadiste\/\" target=\"_blank\" rel=\"noreferrer noopener\">pr\u00e9vention des cas de radicalisation<\/a><\/div>\n<\/div>\n","protected":false},"excerpt":{"rendered":"<p>Relevant du Premier ministre, le plan VIGIPIRATE est un outil central du dispositif fran\u00e7ais de lutte contre le terrorisme. Il associe tous les acteurs nationaux \u2013 l\u2019Etat, les collectivit\u00e9s territoriales, les entreprises et les citoyens \u2013 \u00e0 une d\u00e9marche de vigilance, de pr\u00e9vention et de protection. ACTUELLEMENT L&rsquo;ENSEMBLE DU TERRITOIRE EST PLAC\u00c9 AU NIVEAUURGENCE ATTENTAT&hellip;&nbsp;<a href=\"https:\/\/citoyen-pia.fr\/index.php\/vigipirate\/\" class=\"\" rel=\"bookmark\">Lire la suite &raquo;<span class=\"screen-reader-text\">VIGIPIRATE<\/span><\/a><\/p>\n","protected":false},"author":1,"featured_media":0,"parent":0,"menu_order":0,"comment_status":"closed","ping_status":"closed","template":"","meta":{"neve_meta_sidebar":"full-width","neve_meta_container":"","neve_meta_enable_content_width":"on","neve_meta_content_width":100,"neve_meta_title_alignment":"","neve_meta_author_avatar":"","neve_post_elements_order":"","neve_meta_disable_header":"","neve_meta_disable_footer":"","neve_meta_disable_title":"","_ti_tpc_template_sync":false,"_ti_tpc_template_id":""},"_links":{"self":[{"href":"https:\/\/citoyen-pia.fr\/index.php\/wp-json\/wp\/v2\/pages\/343"}],"collection":[{"href":"https:\/\/citoyen-pia.fr\/index.php\/wp-json\/wp\/v2\/pages"}],"about":[{"href":"https:\/\/citoyen-pia.fr\/index.php\/wp-json\/wp\/v2\/types\/page"}],"author":[{"embeddable":true,"href":"https:\/\/citoyen-pia.fr\/index.php\/wp-json\/wp\/v2\/users\/1"}],"replies":[{"embeddable":true,"href":"https:\/\/citoyen-pia.fr\/index.php\/wp-json\/wp\/v2\/comments?post=343"}],"version-history":[{"count":2,"href":"https:\/\/citoyen-pia.fr\/index.php\/wp-json\/wp\/v2\/pages\/343\/revisions"}],"predecessor-version":[{"id":363,"href":"https:\/\/citoyen-pia.fr\/index.php\/wp-json\/wp\/v2\/pages\/343\/revisions\/363"}],"wp:attachment":[{"href":"https:\/\/citoyen-pia.fr\/index.php\/wp-json\/wp\/v2\/media?parent=343"}],"curies":[{"name":"wp","href":"https:\/\/api.w.org\/{rel}","templated":true}]}}