{"id":211,"date":"2021-04-14T11:19:52","date_gmt":"2021-04-14T09:19:52","guid":{"rendered":"https:\/\/citoyen-pia.fr\/?page_id=211"},"modified":"2021-04-14T11:19:52","modified_gmt":"2021-04-14T09:19:52","slug":"presentation-du-plan-communal-de-sauvegarde","status":"publish","type":"page","link":"https:\/\/citoyen-pia.fr\/index.php\/presentation-du-plan-communal-de-sauvegarde\/","title":{"rendered":"Pr\u00e9sentation du plan communal de sauvegarde"},"content":{"rendered":"\n<p>Le plan communal de sauvegarde (PCS) est un outil r\u00e9alis\u00e9 \u00e0 l\u2019\u00e9chelle communale, sous la responsabilit\u00e9 du maire, pour planifier les actions des acteurs communaux de la gestion du risque (\u00e9lus, agents municipaux, b\u00e9n\u00e9voles, entreprises partenaires) en cas d\u2019\u00e9v\u00e8nements majeurs naturels, technologiques ou sanitaires. Il a pour objectif l\u2019information pr\u00e9ventive et la protection de la population.<\/p>\n\n\n\n<p>Il se base sur le recensement des vuln\u00e9rabilit\u00e9s et des risques (pr\u00e9sents et \u00e0 venir, par exemple li\u00e9s au changement climatique) sur la commune (notamment dans le cadre du dossier d\u00e9partemental sur les risques majeurs \u00e9tabli par le pr\u00e9fet du d\u00e9partement) et des moyens disponibles (communaux ou priv\u00e9s) sur la commune.<\/p>\n\n\n\n<p>Il pr\u00e9voit l\u2019organisation n\u00e9cessaire pour assurer l\u2019alerte, l\u2019information, la protection et le soutien de la population au regard des risques.<\/p>\n\n\n\n<figure class=\"wp-block-video\"><video autoplay controls src=\"https:\/\/citoyen-pia.fr\/wp-content\/uploads\/2021\/04\/Presentation-PCS-1.mp4\"><\/video><\/figure>\n","protected":false},"excerpt":{"rendered":"<p>Le plan communal de sauvegarde (PCS) est un outil r\u00e9alis\u00e9 \u00e0 l\u2019\u00e9chelle communale, sous la responsabilit\u00e9 du maire, pour planifier les actions des acteurs communaux de la gestion du risque (\u00e9lus, agents municipaux, b\u00e9n\u00e9voles, entreprises partenaires) en cas d\u2019\u00e9v\u00e8nements majeurs naturels, technologiques ou sanitaires. Il a pour objectif l\u2019information pr\u00e9ventive et la protection de la&hellip;&nbsp;<a href=\"https:\/\/citoyen-pia.fr\/index.php\/presentation-du-plan-communal-de-sauvegarde\/\" class=\"\" rel=\"bookmark\">Lire la suite &raquo;<span class=\"screen-reader-text\">Pr\u00e9sentation du plan communal de sauvegarde<\/span><\/a><\/p>\n","protected":false},"author":1,"featured_media":0,"parent":0,"menu_order":0,"comment_status":"closed","ping_status":"closed","template":"","meta":{"neve_meta_sidebar":"full-width","neve_meta_container":"","neve_meta_enable_content_width":"on","neve_meta_content_width":100,"neve_meta_title_alignment":"","neve_meta_author_avatar":"","neve_post_elements_order":"","neve_meta_disable_header":"","neve_meta_disable_footer":"","neve_meta_disable_title":"","_ti_tpc_template_sync":false,"_ti_tpc_template_id":""},"_links":{"self":[{"href":"https:\/\/citoyen-pia.fr\/index.php\/wp-json\/wp\/v2\/pages\/211"}],"collection":[{"href":"https:\/\/citoyen-pia.fr\/index.php\/wp-json\/wp\/v2\/pages"}],"about":[{"href":"https:\/\/citoyen-pia.fr\/index.php\/wp-json\/wp\/v2\/types\/page"}],"author":[{"embeddable":true,"href":"https:\/\/citoyen-pia.fr\/index.php\/wp-json\/wp\/v2\/users\/1"}],"replies":[{"embeddable":true,"href":"https:\/\/citoyen-pia.fr\/index.php\/wp-json\/wp\/v2\/comments?post=211"}],"version-history":[{"count":1,"href":"https:\/\/citoyen-pia.fr\/index.php\/wp-json\/wp\/v2\/pages\/211\/revisions"}],"predecessor-version":[{"id":213,"href":"https:\/\/citoyen-pia.fr\/index.php\/wp-json\/wp\/v2\/pages\/211\/revisions\/213"}],"wp:attachment":[{"href":"https:\/\/citoyen-pia.fr\/index.php\/wp-json\/wp\/v2\/media?parent=211"}],"curies":[{"name":"wp","href":"https:\/\/api.w.org\/{rel}","templated":true}]}}