{"id":201,"date":"2021-04-14T11:09:00","date_gmt":"2021-04-14T09:09:00","guid":{"rendered":"https:\/\/citoyen-pia.fr\/?page_id=201"},"modified":"2021-04-14T11:09:01","modified_gmt":"2021-04-14T09:09:01","slug":"tranquillite-vacances","status":"publish","type":"page","link":"https:\/\/citoyen-pia.fr\/index.php\/tranquillite-vacances\/","title":{"rendered":"Tranquillit\u00e9 Vacances"},"content":{"rendered":"\n<h2>La commune met \u00e0 la disposition de ses administr\u00e9s un service gratuit qui permet une surveillance concise de leur habitation durant leur absence.<\/h2>\n\n\n\n<h5>CETTE SURVEILLANCE EST EFFECTU\u00c9E DURANT LES HORAIRES DE PATROUILLE DU SERVICE DE LA POLICE MUNICIPALE.<\/h5>\n\n\n\n<p>Pour cela, il vous faut remplir cette fiche (disponible \u00e9galement au poste de police municipale) accompagn\u00e9 d&rsquo;une pi\u00e8ce d&rsquo;identit\u00e9 et d&rsquo;un justificatif de domicile r\u00e9cent.<\/p>\n\n\n\n<figure class=\"wp-block-image size-large is-resized\"><img loading=\"lazy\" src=\"https:\/\/citoyen-pia.fr\/wp-content\/uploads\/2021\/04\/telechargement-2-724x1024.png\" alt=\"\" class=\"wp-image-202\" width=\"1157\" height=\"1636\" srcset=\"https:\/\/citoyen-pia.fr\/wp-content\/uploads\/2021\/04\/telechargement-2-724x1024.png 724w, https:\/\/citoyen-pia.fr\/wp-content\/uploads\/2021\/04\/telechargement-2-212x300.png 212w, https:\/\/citoyen-pia.fr\/wp-content\/uploads\/2021\/04\/telechargement-2-768x1086.png 768w, https:\/\/citoyen-pia.fr\/wp-content\/uploads\/2021\/04\/telechargement-2-1086x1536.png 1086w, https:\/\/citoyen-pia.fr\/wp-content\/uploads\/2021\/04\/telechargement-2.png 1232w\" sizes=\"(max-width: 1157px) 100vw, 1157px\" \/><\/figure>\n","protected":false},"excerpt":{"rendered":"<p>La commune met \u00e0 la disposition de ses administr\u00e9s un service gratuit qui permet une surveillance concise de leur habitation durant leur absence. CETTE SURVEILLANCE EST EFFECTU\u00c9E DURANT LES HORAIRES DE PATROUILLE DU SERVICE DE LA POLICE MUNICIPALE. Pour cela, il vous faut remplir cette fiche (disponible \u00e9galement au poste de police municipale) accompagn\u00e9 d&rsquo;une&hellip;&nbsp;<a href=\"https:\/\/citoyen-pia.fr\/index.php\/tranquillite-vacances\/\" class=\"\" rel=\"bookmark\">Lire la suite &raquo;<span class=\"screen-reader-text\">Tranquillit\u00e9 Vacances<\/span><\/a><\/p>\n","protected":false},"author":1,"featured_media":0,"parent":0,"menu_order":0,"comment_status":"closed","ping_status":"closed","template":"","meta":{"neve_meta_sidebar":"full-width","neve_meta_container":"","neve_meta_enable_content_width":"on","neve_meta_content_width":100,"neve_meta_title_alignment":"","neve_meta_author_avatar":"","neve_post_elements_order":"","neve_meta_disable_header":"","neve_meta_disable_footer":"","neve_meta_disable_title":"","_ti_tpc_template_sync":false,"_ti_tpc_template_id":""},"_links":{"self":[{"href":"https:\/\/citoyen-pia.fr\/index.php\/wp-json\/wp\/v2\/pages\/201"}],"collection":[{"href":"https:\/\/citoyen-pia.fr\/index.php\/wp-json\/wp\/v2\/pages"}],"about":[{"href":"https:\/\/citoyen-pia.fr\/index.php\/wp-json\/wp\/v2\/types\/page"}],"author":[{"embeddable":true,"href":"https:\/\/citoyen-pia.fr\/index.php\/wp-json\/wp\/v2\/users\/1"}],"replies":[{"embeddable":true,"href":"https:\/\/citoyen-pia.fr\/index.php\/wp-json\/wp\/v2\/comments?post=201"}],"version-history":[{"count":1,"href":"https:\/\/citoyen-pia.fr\/index.php\/wp-json\/wp\/v2\/pages\/201\/revisions"}],"predecessor-version":[{"id":203,"href":"https:\/\/citoyen-pia.fr\/index.php\/wp-json\/wp\/v2\/pages\/201\/revisions\/203"}],"wp:attachment":[{"href":"https:\/\/citoyen-pia.fr\/index.php\/wp-json\/wp\/v2\/media?parent=201"}],"curies":[{"name":"wp","href":"https:\/\/api.w.org\/{rel}","templated":true}]}}