{"id":15,"date":"2021-04-12T12:33:16","date_gmt":"2021-04-12T10:33:16","guid":{"rendered":"http:\/\/citoyen-pia.fr\/?page_id=15"},"modified":"2021-04-12T17:58:16","modified_gmt":"2021-04-12T15:58:16","slug":"home","status":"publish","type":"page","link":"https:\/\/citoyen-pia.fr\/","title":{"rendered":"Home"},"content":{"rendered":"\n<div class=\"wp-block-cover alignfull\" style=\"min-height:588px\"><img loading=\"lazy\" width=\"2560\" height=\"1708\" class=\"wp-block-cover__image-background wp-image-41\" alt=\"\" src=\"https:\/\/citoyen-pia.fr\/wp-content\/uploads\/2021\/04\/DSC_0054-scaled.jpg\" style=\"object-position:50% 64%\" data-object-fit=\"cover\" data-object-position=\"50% 64%\" srcset=\"https:\/\/citoyen-pia.fr\/wp-content\/uploads\/2021\/04\/DSC_0054-scaled.jpg 2560w, https:\/\/citoyen-pia.fr\/wp-content\/uploads\/2021\/04\/DSC_0054-300x200.jpg 300w, https:\/\/citoyen-pia.fr\/wp-content\/uploads\/2021\/04\/DSC_0054-1024x683.jpg 1024w, https:\/\/citoyen-pia.fr\/wp-content\/uploads\/2021\/04\/DSC_0054-768x512.jpg 768w, https:\/\/citoyen-pia.fr\/wp-content\/uploads\/2021\/04\/DSC_0054-1536x1025.jpg 1536w, https:\/\/citoyen-pia.fr\/wp-content\/uploads\/2021\/04\/DSC_0054-2048x1367.jpg 2048w, https:\/\/citoyen-pia.fr\/wp-content\/uploads\/2021\/04\/DSC_0054-930x620.jpg 930w\" sizes=\"(max-width: 2560px) 100vw, 2560px\" \/><div class=\"wp-block-cover__inner-container\">\n<div style=\"height:80px\" aria-hidden=\"true\" class=\"wp-block-spacer\"><\/div>\n\n\n\n<h1 class=\"has-text-align-center has-nv-text-dark-bg-color has-text-color\">L&rsquo;accent civique des Pianencs<\/h1>\n\n\n\n<p class=\"has-text-align-center has-text-color\" style=\"color:#121212;font-size:17px\"><\/p>\n\n\n\n<div class=\"wp-container-1 wp-block-buttons is-content-justification-center\">\n<div class=\"wp-block-button is-style-primary\"><a class=\"wp-block-button__link\" href=\"https:\/\/citoyen-pia.fr\/index.php\/cliquez-sur-votre-quartier\/\">Alerter mon referent<\/a><\/div>\n\n\n\n<div class=\"wp-block-button is-style-secondary\"><a class=\"wp-block-button__link\" href=\"https:\/\/citoyen-pia.fr\/index.php\/newsletter\/\">recevoir les alertes<\/a><\/div>\n<\/div>\n<\/div><\/div>\n\n\n\n<p><\/p>\n\n\n\n<div class=\"wp-container-5 wp-block-columns\">\n<div class=\"wp-container-2 wp-block-column\">\n<div class=\"wp-block-image icon-style is-style-default\"><figure class=\"aligncenter size-large is-resized\"><img loading=\"lazy\" src=\"https:\/\/citoyen-pia.fr\/wp-content\/uploads\/2021\/04\/convivialite.png\" alt=\"\" class=\"wp-image-36\" width=\"64\" height=\"64\" srcset=\"https:\/\/citoyen-pia.fr\/wp-content\/uploads\/2021\/04\/convivialite.png 160w, https:\/\/citoyen-pia.fr\/wp-content\/uploads\/2021\/04\/convivialite-150x150.png 150w\" sizes=\"(max-width: 64px) 100vw, 64px\" \/><\/figure><\/div>\n\n\n\n<h3 class=\"has-text-align-center has-neve-text-color-color has-text-color\">Entraide<\/h3>\n\n\n\n<p class=\"has-text-align-center\">Une ville agr\u00e9able et unie <\/p>\n\n\n\n<div style=\"height:20px\" aria-hidden=\"true\" class=\"wp-block-spacer\"><\/div>\n<\/div>\n\n\n\n<div class=\"wp-container-3 wp-block-column\">\n<div class=\"wp-block-image icon-style is-style-default\"><figure class=\"aligncenter size-large is-resized\"><img loading=\"lazy\" src=\"https:\/\/citoyen-pia.fr\/wp-content\/uploads\/2021\/04\/kisspng-safety-computer-icons-public-security-safe-5abd4fc5df9934.6565028115223561659159-removebg-preview.png\" alt=\"\" class=\"wp-image-39\" width=\"72\" height=\"66\"\/><\/figure><\/div>\n\n\n\n<h3 class=\"has-text-align-center has-neve-text-color-color has-text-color\">S\u00e9curit\u00e9<\/h3>\n\n\n\n<p class=\"has-text-align-center\">Surveillance, alerte SMS,  pr\u00e9vention, dissuasion <\/p>\n<\/div>\n\n\n\n<div class=\"wp-container-4 wp-block-column\">\n<div class=\"wp-block-image icon-style is-style-rounded\"><figure class=\"aligncenter size-large is-resized\"><img loading=\"lazy\" src=\"https:\/\/citoyen-pia.fr\/wp-content\/uploads\/2021\/04\/silhouettes-humaines-de-mains-se-tenant-87449371-removebg-preview.png\" alt=\"\" class=\"wp-image-40\" width=\"71\" height=\"71\" srcset=\"https:\/\/citoyen-pia.fr\/wp-content\/uploads\/2021\/04\/silhouettes-humaines-de-mains-se-tenant-87449371-removebg-preview.png 500w, https:\/\/citoyen-pia.fr\/wp-content\/uploads\/2021\/04\/silhouettes-humaines-de-mains-se-tenant-87449371-removebg-preview-300x300.png 300w, https:\/\/citoyen-pia.fr\/wp-content\/uploads\/2021\/04\/silhouettes-humaines-de-mains-se-tenant-87449371-removebg-preview-150x150.png 150w\" sizes=\"(max-width: 71px) 100vw, 71px\" \/><\/figure><\/div>\n\n\n\n<h3 class=\"has-text-align-center has-neve-text-color-color has-text-color\">Solidarit\u00e9 <\/h3>\n\n\n\n<p class=\"has-text-align-center\">Echangeons entre voisin !<\/p>\n\n\n\n<div style=\"height:20px\" aria-hidden=\"true\" class=\"wp-block-spacer\"><\/div>\n<\/div>\n<\/div>\n\n\n\n<div class=\"wp-block-cover alignfull has-nv-c-1-background-color has-background-dim\" style=\"min-height:503px\"><div class=\"wp-block-cover__inner-container\">\n<div class=\"wp-container-9 wp-block-group\"><div class=\"wp-block-group__inner-container\">\n<div class=\"wp-container-8 wp-block-columns are-vertically-aligned-center\">\n<div class=\"wp-container-6 wp-block-column is-vertically-aligned-center\" style=\"flex-basis:50%\"><ul class=\"wp-block-latest-posts__list has-dates wp-block-latest-posts\"><li><a class=\"wp-block-latest-posts__post-title\" href=\"https:\/\/citoyen-pia.fr\/index.php\/2021\/04\/12\/test\/\">Pas d&rsquo;alerte<\/a><time datetime=\"2021-04-12T13:07:05+02:00\" class=\"wp-block-latest-posts__post-date\">12 avril 2021<\/time><div class=\"wp-block-latest-posts__post-excerpt\">Pour le moment, aucunes alertes en cours<\/div><\/li>\n<\/ul><\/div>\n\n\n\n<div class=\"wp-container-7 wp-block-column is-vertically-aligned-center\" style=\"flex-basis:50%\">\n<div style=\"height:40px\" aria-hidden=\"true\" class=\"wp-block-spacer\"><\/div>\n\n\n\n<h2 class=\"has-text-align-left has-nv-text-dark-bg-color has-text-color\">Les derni\u00e8res alertes <\/h2>\n\n\n\n<p class=\"has-text-align-left has-nv-text-dark-bg-color has-text-color\" style=\"font-size:17px\">Retrouvez ici les derniers signalement sur votre commune <\/p>\n<\/div>\n<\/div>\n\n\n\n<div style=\"height:40px\" aria-hidden=\"true\" class=\"wp-block-spacer\"><\/div>\n<\/div><\/div>\n<\/div><\/div>\n\n\n\n<div style=\"height:40px\" aria-hidden=\"true\" class=\"wp-block-spacer\"><\/div>\n\n\n\n<p><\/p>\n","protected":false},"excerpt":{"rendered":"<p>Entraide Une ville agr\u00e9able et unie S\u00e9curit\u00e9 Surveillance, alerte SMS, pr\u00e9vention, dissuasion Solidarit\u00e9 Echangeons entre voisin !<\/p>\n","protected":false},"author":1,"featured_media":0,"parent":0,"menu_order":0,"comment_status":"closed","ping_status":"closed","template":"","meta":{"neve_meta_sidebar":"","neve_meta_container":"","neve_meta_enable_content_width":"on","neve_meta_content_width":100,"neve_meta_title_alignment":"","neve_meta_author_avatar":"","neve_post_elements_order":"","neve_meta_disable_header":"","neve_meta_disable_footer":"","neve_meta_disable_title":"on","_ti_tpc_template_sync":false,"_ti_tpc_template_id":""},"_links":{"self":[{"href":"https:\/\/citoyen-pia.fr\/index.php\/wp-json\/wp\/v2\/pages\/15"}],"collection":[{"href":"https:\/\/citoyen-pia.fr\/index.php\/wp-json\/wp\/v2\/pages"}],"about":[{"href":"https:\/\/citoyen-pia.fr\/index.php\/wp-json\/wp\/v2\/types\/page"}],"author":[{"embeddable":true,"href":"https:\/\/citoyen-pia.fr\/index.php\/wp-json\/wp\/v2\/users\/1"}],"replies":[{"embeddable":true,"href":"https:\/\/citoyen-pia.fr\/index.php\/wp-json\/wp\/v2\/comments?post=15"}],"version-history":[{"count":16,"href":"https:\/\/citoyen-pia.fr\/index.php\/wp-json\/wp\/v2\/pages\/15\/revisions"}],"predecessor-version":[{"id":199,"href":"https:\/\/citoyen-pia.fr\/index.php\/wp-json\/wp\/v2\/pages\/15\/revisions\/199"}],"wp:attachment":[{"href":"https:\/\/citoyen-pia.fr\/index.php\/wp-json\/wp\/v2\/media?parent=15"}],"curies":[{"name":"wp","href":"https:\/\/api.w.org\/{rel}","templated":true}]}}